{"id":135,"date":"2017-10-15T10:04:34","date_gmt":"2017-10-15T08:04:51","guid":{"rendered":"http:\/\/beriou.eu\/?page_id=135"},"modified":"2017-10-15T19:30:16","modified_gmt":"2017-10-15T17:30:16","slug":"accueil","status":"publish","type":"page","link":"https:\/\/beriou.eu\/","title":{"rendered":"De la cave au grenier, sans la maison"},"content":{"rendered":"<blockquote><p>Qui n&rsquo;aime pas,\u00a0<em>incognito<\/em>, explorer une cave ou fouiller dans un grenier ?<\/p>\n<p>Et qui ne d\u00e9sire pas jeter sa maison \u00e0 l&rsquo;eau, comme une bouteille \u00e0 la mer ?<\/p><\/blockquote>\n","protected":false},"excerpt":{"rendered":"<p><a class=\"ninja_pages_read_more\"  href=\"https:\/\/beriou.eu\/\"><\/a><\/p>\n","protected":false},"author":1,"featured_media":0,"parent":0,"menu_order":0,"comment_status":"closed","ping_status":"closed","template":"","meta":[],"_links":{"self":[{"href":"https:\/\/beriou.eu\/index.php\/wp-json\/wp\/v2\/pages\/135"}],"collection":[{"href":"https:\/\/beriou.eu\/index.php\/wp-json\/wp\/v2\/pages"}],"about":[{"href":"https:\/\/beriou.eu\/index.php\/wp-json\/wp\/v2\/types\/page"}],"author":[{"embeddable":true,"href":"https:\/\/beriou.eu\/index.php\/wp-json\/wp\/v2\/users\/1"}],"replies":[{"embeddable":true,"href":"https:\/\/beriou.eu\/index.php\/wp-json\/wp\/v2\/comments?post=135"}],"version-history":[{"count":3,"href":"https:\/\/beriou.eu\/index.php\/wp-json\/wp\/v2\/pages\/135\/revisions"}],"predecessor-version":[{"id":167,"href":"https:\/\/beriou.eu\/index.php\/wp-json\/wp\/v2\/pages\/135\/revisions\/167"}],"wp:attachment":[{"href":"https:\/\/beriou.eu\/index.php\/wp-json\/wp\/v2\/media?parent=135"}],"curies":[{"name":"wp","href":"https:\/\/api.w.org\/{rel}","templated":true}]}}